{"id":49,"date":"2021-02-25T07:42:43","date_gmt":"2021-02-25T07:42:43","guid":{"rendered":"http:\/\/srubyrzymskie.pl\/?page_id=49"},"modified":"2021-02-25T13:03:59","modified_gmt":"2021-02-25T13:03:59","slug":"din-1480-ortwarte","status":"publish","type":"page","link":"http:\/\/srubyrzymskie.pl\/?page_id=49","title":{"rendered":"DIN 1480 otwarte"},"content":{"rendered":"\n<h2 class=\"wp-block-heading\">\u015aruby rzymskie otwarte zgodne z norm\u0105 DIN 1480<\/h2>\n\n\n\n<p><\/p>\n\n\n\n<div class=\"wp-block-group\"><div class=\"wp-block-group__inner-container is-layout-flow wp-block-group-is-layout-flow\">\n<p>Dost\u0119pne wersje:<\/p>\n<\/div><\/div>\n\n\n\n<ul><li>korpus <\/li><\/ul>\n\n\n\n<figure class=\"wp-block-image\"><img decoding=\"async\" src=\"https:\/\/gargot.pl\/environment\/cache\/images\/500_500_productGfx_e76d54c1ad132f0f0285f84584ec9838.jpg\" alt=\"\u015aruba rzymska DIN 1480 1\"\/><\/figure>\n\n\n\n<ul><li>oko-oko<\/li><li>hak-hak<\/li><li>hak-oko<\/li><li>wide\u0142ki-wide\u0142ki <\/li><\/ul>\n\n\n\n<figure class=\"wp-block-image\"><img decoding=\"async\" src=\"https:\/\/gargot.pl\/userdata\/public\/gfx\/06c9228d2c5ed36707916b144597466b.jpg\" alt=\"\"\/><\/figure>\n\n\n\n<ul><li>wide\u0142ki-wide\u0142ki dla g\u00f3rnictwa <\/li><\/ul>\n\n\n\n<figure class=\"wp-block-image\"><img decoding=\"async\" src=\"https:\/\/gargot.pl\/userdata\/public\/gfx\/54402198340e6404b86726e169a6e829.jpg\" alt=\"\"\/><\/figure>\n\n\n\n<ul><li>p\u0142askie ko\u0144c\u00f3wki z otworami <\/li><\/ul>\n\n\n\n<figure class=\"wp-block-image\"><img decoding=\"async\" src=\"https:\/\/gargot.pl\/userdata\/public\/gfx\/5d73ec05aff3375e4441f76ee5051835.jpg\" alt=\"\"\/><\/figure>\n\n\n\n<ul><li>ko\u0144c\u00f3wki proste do przyspawania <\/li><\/ul>\n\n\n\n<figure class=\"wp-block-image\"><img decoding=\"async\" src=\"https:\/\/gargot.pl\/userdata\/public\/gfx\/00fb881a7add59e4757e0e386d450c20.jpg\" alt=\"\"\/><\/figure>\n\n\n\n<p>\u2026 wi\u0119cej <a href=\"https:\/\/gargot.pl\/pl\/c\/Sruby-rzymskie-DIN-1480-otwarte\/103\" data-type=\"URL\" data-id=\"https:\/\/gargot.pl\/pl\/c\/Sruby-rzymskie-DIN-1480-otwarte\/103\">https:\/\/gargot.pl\/pl\/c\/Sruby-rzymskie-DIN-1480-otwarte\/103<\/a><\/p>\n\n\n\n<p>Dost\u0119pne materia\u0142y:<\/p>\n\n\n\n<ul><li>stal S235JR<\/li><li>stal nierdzewna A2-AISI304<\/li><li>stal kwasoodporna A4-AISI316<\/li><\/ul>\n\n\n\n<p>Dost\u0119pne pow\u0142oki galwaniczne:<\/p>\n\n\n\n<ul><li>surowe\/czarne<\/li><li>ocynk galwaniczny<\/li><li>ocynk ogniowy<\/li><li>stal nierdzewna A2-AISI304<\/li><li>stal kwasoodporna A4-AISI316<\/li><\/ul>\n\n\n\n<p>&#8230; wi\u0119cej <a href=\"https:\/\/gargot.pl\/pl\/c\/Sruby-rzymskie-DIN-1480-otwarte\/103\">https:\/\/gargot.pl\/pl\/c\/Sruby-rzymskie-DIN-1480-otwarte\/103<\/a><\/p>\n\n\n\n<p>informacje techniczne i sprzeda\u017c <a href=\"http:\/\/www.gargot.pl\" data-type=\"URL\" data-id=\"www.gargot.pl\">www.gargot.pl<\/a><\/p>\n","protected":false},"excerpt":{"rendered":"<p>\u015aruby rzymskie otwarte zgodne z norm\u0105 DIN 1480 Dost\u0119pne wersje: korpus oko-oko hak-hak hak-oko wide\u0142ki-wide\u0142ki wide\u0142ki-wide\u0142ki dla g\u00f3rnictwa p\u0142askie ko\u0144c\u00f3wki z otworami ko\u0144c\u00f3wki proste do przyspawania \u2026 wi\u0119cej https:\/\/gargot.pl\/pl\/c\/Sruby-rzymskie-DIN-1480-otwarte\/103 Dost\u0119pne materia\u0142y: stal S235JR stal nierdzewna A2-AISI304 stal kwasoodporna A4-AISI316 Dost\u0119pne pow\u0142oki galwaniczne: surowe\/czarne ocynk galwaniczny ocynk ogniowy stal nierdzewna A2-AISI304 stal kwasoodporna A4-AISI316 &#8230; wi\u0119cej https:\/\/gargot.pl\/pl\/c\/Sruby-rzymskie-DIN-1480-otwarte\/103 informacje techniczne i sprzeda\u017c www.gargot.pl<\/p>\n","protected":false},"author":1,"featured_media":0,"parent":0,"menu_order":0,"comment_status":"closed","ping_status":"closed","template":"","meta":{"footnotes":""},"_links":{"self":[{"href":"http:\/\/srubyrzymskie.pl\/index.php?rest_route=\/wp\/v2\/pages\/49"}],"collection":[{"href":"http:\/\/srubyrzymskie.pl\/index.php?rest_route=\/wp\/v2\/pages"}],"about":[{"href":"http:\/\/srubyrzymskie.pl\/index.php?rest_route=\/wp\/v2\/types\/page"}],"author":[{"embeddable":true,"href":"http:\/\/srubyrzymskie.pl\/index.php?rest_route=\/wp\/v2\/users\/1"}],"replies":[{"embeddable":true,"href":"http:\/\/srubyrzymskie.pl\/index.php?rest_route=%2Fwp%2Fv2%2Fcomments&post=49"}],"version-history":[{"count":8,"href":"http:\/\/srubyrzymskie.pl\/index.php?rest_route=\/wp\/v2\/pages\/49\/revisions"}],"predecessor-version":[{"id":118,"href":"http:\/\/srubyrzymskie.pl\/index.php?rest_route=\/wp\/v2\/pages\/49\/revisions\/118"}],"wp:attachment":[{"href":"http:\/\/srubyrzymskie.pl\/index.php?rest_route=%2Fwp%2Fv2%2Fmedia&parent=49"}],"curies":[{"name":"wp","href":"https:\/\/api.w.org\/{rel}","templated":true}]}}