{"id":48,"date":"2021-02-25T07:42:43","date_gmt":"2021-02-25T07:42:43","guid":{"rendered":"http:\/\/srubyrzymskie.pl\/?page_id=48"},"modified":"2021-02-25T08:57:59","modified_gmt":"2021-02-25T08:57:59","slug":"din-1479-szesciokatne","status":"publish","type":"page","link":"http:\/\/srubyrzymskie.pl\/?page_id=48","title":{"rendered":"DIN 1479 sze\u015bciok\u0105tne"},"content":{"rendered":"\n<h2 class=\"wp-block-heading\">\u015aruby rzymskie sze\u015bciok\u0105tne zgodne z norm\u0105 DIN 1479<\/h2>\n\n\n\n<div class=\"wp-block-group\"><div class=\"wp-block-group__inner-container is-layout-flow wp-block-group-is-layout-flow\">\n<p>Dost\u0119pne wersje:<\/p>\n<\/div><\/div>\n\n\n\n<ul><li>korpus <\/li><\/ul>\n\n\n\n<figure class=\"wp-block-image\"><img decoding=\"async\" src=\"https:\/\/gargot.pl\/environment\/cache\/images\/500_500_productGfx_da4a0667e02f86684386148eb4ffcd28.jpg\" alt=\"GG 1479 1\"\/><\/figure>\n","protected":false},"excerpt":{"rendered":"<p>\u015aruby rzymskie sze\u015bciok\u0105tne zgodne z norm\u0105 DIN 1479 Dost\u0119pne wersje: korpus<\/p>\n","protected":false},"author":1,"featured_media":0,"parent":0,"menu_order":0,"comment_status":"closed","ping_status":"closed","template":"","meta":{"footnotes":""},"_links":{"self":[{"href":"http:\/\/srubyrzymskie.pl\/index.php?rest_route=\/wp\/v2\/pages\/48"}],"collection":[{"href":"http:\/\/srubyrzymskie.pl\/index.php?rest_route=\/wp\/v2\/pages"}],"about":[{"href":"http:\/\/srubyrzymskie.pl\/index.php?rest_route=\/wp\/v2\/types\/page"}],"author":[{"embeddable":true,"href":"http:\/\/srubyrzymskie.pl\/index.php?rest_route=\/wp\/v2\/users\/1"}],"replies":[{"embeddable":true,"href":"http:\/\/srubyrzymskie.pl\/index.php?rest_route=%2Fwp%2Fv2%2Fcomments&post=48"}],"version-history":[{"count":2,"href":"http:\/\/srubyrzymskie.pl\/index.php?rest_route=\/wp\/v2\/pages\/48\/revisions"}],"predecessor-version":[{"id":106,"href":"http:\/\/srubyrzymskie.pl\/index.php?rest_route=\/wp\/v2\/pages\/48\/revisions\/106"}],"wp:attachment":[{"href":"http:\/\/srubyrzymskie.pl\/index.php?rest_route=%2Fwp%2Fv2%2Fmedia&parent=48"}],"curies":[{"name":"wp","href":"https:\/\/api.w.org\/{rel}","templated":true}]}}