{"id":47,"date":"2021-02-25T07:42:43","date_gmt":"2021-02-25T07:42:43","guid":{"rendered":"http:\/\/srubyrzymskie.pl\/?page_id=47"},"modified":"2021-02-25T13:17:59","modified_gmt":"2021-02-25T13:17:59","slug":"din-1478-rurowe","status":"publish","type":"page","link":"http:\/\/srubyrzymskie.pl\/?page_id=47","title":{"rendered":"DIN 1478 rurowe"},"content":{"rendered":"\n<h2 class=\"wp-block-heading\">\u015aruby rzymskie rurowe zgodne z norm\u0105 DIN 1478<\/h2>\n\n\n\n<p><\/p>\n\n\n\n<p>Dost\u0119pne wersje:<\/p>\n\n\n\n<ul><li>korpus <\/li><\/ul>\n\n\n\n<figure class=\"wp-block-image\"><img decoding=\"async\" src=\"https:\/\/gargot.pl\/environment\/cache\/images\/300_300_productGfx_7c7cf65e7f3b97c2230945c1553ee884.jpg\" alt=\"\u015aruba rzymska rurowa DIN 1478, S355JR HDG ocynk ogniowy\"\/><\/figure>\n\n\n\n<ul><li>oko-oko <\/li><\/ul>\n\n\n\n<figure class=\"wp-block-image\"><img decoding=\"async\" src=\"https:\/\/gargot.pl\/environment\/cache\/images\/300_300_productGfx_1032.jpg\" alt=\"\u015aruba rzymska rurowa DIN 1478 oko-oko, ocynk\"\/><\/figure>\n\n\n\n<ul><li>hak-hak <\/li><\/ul>\n\n\n\n<figure class=\"wp-block-image\"><img decoding=\"async\" src=\"https:\/\/gargot.pl\/userdata\/public\/gfx\/1027.jpg\" alt=\"\"\/><\/figure>\n\n\n\n<ul><li>hak-oko <\/li><\/ul>\n\n\n\n<figure class=\"wp-block-image\"><img decoding=\"async\" src=\"https:\/\/gargot.pl\/userdata\/public\/gfx\/1019.jpg\" alt=\"\"\/><\/figure>\n\n\n\n<ul><li>wide\u0142ki-wide\u0142ki <\/li><\/ul>\n\n\n\n<figure class=\"wp-block-image\"><img decoding=\"async\" src=\"https:\/\/gargot.pl\/environment\/cache\/images\/500_500_productGfx_3c8efb6d85eeb1b73506e218f9a40a4f.jpg\" alt=\"DIN 1478 widelki widelki ps1.jpg\"\/><\/figure>\n\n\n\n<ul><li>ko\u0144c\u00f3wki proste do przyspawania<\/li><\/ul>\n\n\n\n<figure class=\"wp-block-image\"><img decoding=\"async\" src=\"https:\/\/gargot.pl\/userdata\/public\/gfx\/8a44701a395a3d29dd9af2220556873d.jpg\" alt=\"\"\/><\/figure>\n\n\n\n<p>&#8230; wi\u0119cej <a href=\"https:\/\/gargot.pl\/pl\/c\/Sruby-rzysmkie-DIN-1478-rurowe\/101\">https:\/\/gargot.pl\/pl\/c\/Sruby-rzysmkie-DIN-1478-rurowe\/101<\/a><\/p>\n\n\n\n<p>Dla architektury w stali nierdzewnej INOX:<\/p>\n\n\n\n<ul><li>wide\u0142ki &#8211; terminal do lin<\/li><\/ul>\n\n\n\n<figure class=\"wp-block-image\"><img decoding=\"async\" src=\"https:\/\/gargot.pl\/environment\/cache\/images\/300_300_productGfx_1521.jpg\" alt=\"\u015aruba rzymska rurowa DIN 1478 wide\u0142ki-ko\u0144c\u00f3wka do zawalcowania INOX\"\/><\/figure>\n\n\n\n<ul><li>wide\u0142ki &#8211; wide\u0142ki<\/li><\/ul>\n\n\n\n<figure class=\"wp-block-image\"><img decoding=\"async\" src=\"https:\/\/gargot.pl\/environment\/cache\/images\/500_500_productGfx_afb679a3e189db403f7c27cbae7b8a69.jpg\" alt=\"1478 V4A 1.jpg\"\/><\/figure>\n\n\n\n<p>Dost\u0119pne materia\u0142y:<\/p>\n\n\n\n<ul><li>stal S235JR<\/li><li>stal S355JR<\/li><\/ul>\n\n\n\n<p>Dost\u0119pne pow\u0142oki galwaniczne:<\/p>\n\n\n\n<ul><li>surowe\/czarne<\/li><li>ocynk galwaniczny<\/li><li>ocynk ogniowy<\/li><li>stal nierdzewna A2-AISI304<\/li><li>stal kwasoodporna A4-AISI316<\/li><\/ul>\n\n\n\n<p>wi\u0119cej &#8230;.<a href=\"https:\/\/gargot.pl\/pl\/i\/Informacje-techniczne\/24\">https:\/\/gargot.pl\/pl\/i\/Informacje-techniczne\/24<\/a><\/p>\n\n\n\n<p><\/p>\n","protected":false},"excerpt":{"rendered":"<p>\u015aruby rzymskie rurowe zgodne z norm\u0105 DIN 1478 Dost\u0119pne wersje: korpus oko-oko hak-hak hak-oko wide\u0142ki-wide\u0142ki ko\u0144c\u00f3wki proste do przyspawania &#8230; wi\u0119cej https:\/\/gargot.pl\/pl\/c\/Sruby-rzysmkie-DIN-1478-rurowe\/101 Dla architektury w stali nierdzewnej INOX: wide\u0142ki &#8211; terminal do lin wide\u0142ki &#8211; wide\u0142ki Dost\u0119pne materia\u0142y: stal S235JR stal S355JR Dost\u0119pne pow\u0142oki galwaniczne: surowe\/czarne ocynk galwaniczny ocynk ogniowy stal nierdzewna A2-AISI304 stal kwasoodporna A4-AISI316 wi\u0119cej &#8230;.https:\/\/gargot.pl\/pl\/i\/Informacje-techniczne\/24<\/p>\n","protected":false},"author":1,"featured_media":0,"parent":0,"menu_order":0,"comment_status":"closed","ping_status":"closed","template":"","meta":{"footnotes":""},"_links":{"self":[{"href":"http:\/\/srubyrzymskie.pl\/index.php?rest_route=\/wp\/v2\/pages\/47"}],"collection":[{"href":"http:\/\/srubyrzymskie.pl\/index.php?rest_route=\/wp\/v2\/pages"}],"about":[{"href":"http:\/\/srubyrzymskie.pl\/index.php?rest_route=\/wp\/v2\/types\/page"}],"author":[{"embeddable":true,"href":"http:\/\/srubyrzymskie.pl\/index.php?rest_route=\/wp\/v2\/users\/1"}],"replies":[{"embeddable":true,"href":"http:\/\/srubyrzymskie.pl\/index.php?rest_route=%2Fwp%2Fv2%2Fcomments&post=47"}],"version-history":[{"count":7,"href":"http:\/\/srubyrzymskie.pl\/index.php?rest_route=\/wp\/v2\/pages\/47\/revisions"}],"predecessor-version":[{"id":124,"href":"http:\/\/srubyrzymskie.pl\/index.php?rest_route=\/wp\/v2\/pages\/47\/revisions\/124"}],"wp:attachment":[{"href":"http:\/\/srubyrzymskie.pl\/index.php?rest_route=%2Fwp%2Fv2%2Fmedia&parent=47"}],"curies":[{"name":"wp","href":"https:\/\/api.w.org\/{rel}","templated":true}]}}