{"id":31,"date":"2021-02-25T07:28:51","date_gmt":"2021-02-25T07:28:51","guid":{"rendered":"http:\/\/srubyrzymskie.pl\/?page_id=31"},"modified":"2021-02-25T13:03:15","modified_gmt":"2021-02-25T13:03:15","slug":"start","status":"publish","type":"page","link":"http:\/\/srubyrzymskie.pl\/?page_id=31","title":{"rendered":"INFORMACJE TECHNICZNE"},"content":{"rendered":"\n<div class=\"wp-block-group\"><div class=\"wp-block-group__inner-container is-layout-flow wp-block-group-is-layout-flow\">\n<ul><li>INFO: Normy techniczne <ul><li>DIN 1478<\/li><li>DIN 1479<\/li><li>DIN 1480<\/li><li>ASTM F1145 (wcze\u015bniej FF-T-791)<\/li><\/ul><\/li><\/ul>\n\n\n\n<p><\/p>\n<\/div><\/div>\n\n\n\n<div class=\"wp-block-group\"><div class=\"wp-block-group__inner-container is-layout-flow wp-block-group-is-layout-flow\">\n<ul><li>INFO: Parametry wytrzyma\u0142o\u015bciowe i obci\u0105\u017cenia<\/li><\/ul>\n\n\n\n<p><\/p>\n<\/div><\/div>\n\n\n\n<p><\/p>\n","protected":false},"excerpt":{"rendered":"<p>INFO: Normy techniczne DIN 1478 DIN 1479 DIN 1480 ASTM F1145 (wcze\u015bniej FF-T-791) INFO: Parametry wytrzyma\u0142o\u015bciowe i obci\u0105\u017cenia<\/p>\n","protected":false},"author":1,"featured_media":0,"parent":0,"menu_order":0,"comment_status":"closed","ping_status":"closed","template":"","meta":{"footnotes":""},"_links":{"self":[{"href":"http:\/\/srubyrzymskie.pl\/index.php?rest_route=\/wp\/v2\/pages\/31"}],"collection":[{"href":"http:\/\/srubyrzymskie.pl\/index.php?rest_route=\/wp\/v2\/pages"}],"about":[{"href":"http:\/\/srubyrzymskie.pl\/index.php?rest_route=\/wp\/v2\/types\/page"}],"author":[{"embeddable":true,"href":"http:\/\/srubyrzymskie.pl\/index.php?rest_route=\/wp\/v2\/users\/1"}],"replies":[{"embeddable":true,"href":"http:\/\/srubyrzymskie.pl\/index.php?rest_route=%2Fwp%2Fv2%2Fcomments&post=31"}],"version-history":[{"count":6,"href":"http:\/\/srubyrzymskie.pl\/index.php?rest_route=\/wp\/v2\/pages\/31\/revisions"}],"predecessor-version":[{"id":117,"href":"http:\/\/srubyrzymskie.pl\/index.php?rest_route=\/wp\/v2\/pages\/31\/revisions\/117"}],"wp:attachment":[{"href":"http:\/\/srubyrzymskie.pl\/index.php?rest_route=%2Fwp%2Fv2%2Fmedia&parent=31"}],"curies":[{"name":"wp","href":"https:\/\/api.w.org\/{rel}","templated":true}]}}